{"id":79,"date":"2025-05-17T17:45:23","date_gmt":"2025-05-17T17:45:23","guid":{"rendered":"https:\/\/p-tjanst.se\/shop\/?post_type=product&#038;p=79"},"modified":"2025-06-03T09:17:12","modified_gmt":"2025-06-03T09:17:12","slug":"10st-tvattpolletter-b27","status":"publish","type":"product","link":"https:\/\/p-tjanst.se\/shop\/produkt\/10st-tvattpolletter-b27\/","title":{"rendered":"10st Tv\u00e4ttpolletter B27"},"content":{"rendered":"Som parkeringskund i B27, best\u00e4ller du tv\u00e4ttpolletter genom v\u00e5r webbshop.\r\nTv\u00e4ttpolletter s\u00e4ljes endast i 10 pack och skickas med posten. Priset inkluderar frakt. 1 pollett ger 30 minuter h\u00f6gtryckstv\u00e4tt samt varm\/kallvatten och dammsugare.","protected":false},"excerpt":{"rendered":"<p>H\u00e4r k\u00f6per du tv\u00e4ttpolletter till tv\u00e4tthallen i B27<br \/>\n1 pollett ger 30 minuter h\u00f6gtryckstv\u00e4tt samt varm\/kallvatten och dammsugare.<br \/>\nS\u00e4ljes i 10 pack.<\/p>\n","protected":false},"featured_media":146,"template":"","meta":{"_monsterinsights_skip_tracking":false,"_monsterinsights_sitenote_active":false,"_monsterinsights_sitenote_note":"","_monsterinsights_sitenote_category":0},"product_brand":[],"product_cat":[20],"product_tag":[23,22,21],"class_list":{"0":"post-79","1":"product","2":"type-product","3":"status-publish","4":"has-post-thumbnail","6":"product_cat-biltvatt","7":"product_tag-pollett","8":"product_tag-polletter","9":"product_tag-tvatt","11":"first","12":"instock","13":"taxable","14":"shipping-taxable","15":"purchasable","16":"product-type-simple"},"_links":{"self":[{"href":"https:\/\/p-tjanst.se\/shop\/wp-json\/wp\/v2\/product\/79","targetHints":{"allow":["GET"]}}],"collection":[{"href":"https:\/\/p-tjanst.se\/shop\/wp-json\/wp\/v2\/product"}],"about":[{"href":"https:\/\/p-tjanst.se\/shop\/wp-json\/wp\/v2\/types\/product"}],"wp:featuredmedia":[{"embeddable":true,"href":"https:\/\/p-tjanst.se\/shop\/wp-json\/wp\/v2\/media\/146"}],"wp:attachment":[{"href":"https:\/\/p-tjanst.se\/shop\/wp-json\/wp\/v2\/media?parent=79"}],"wp:term":[{"taxonomy":"product_brand","embeddable":true,"href":"https:\/\/p-tjanst.se\/shop\/wp-json\/wp\/v2\/product_brand?post=79"},{"taxonomy":"product_cat","embeddable":true,"href":"https:\/\/p-tjanst.se\/shop\/wp-json\/wp\/v2\/product_cat?post=79"},{"taxonomy":"product_tag","embeddable":true,"href":"https:\/\/p-tjanst.se\/shop\/wp-json\/wp\/v2\/product_tag?post=79"}],"curies":[{"name":"wp","href":"https:\/\/api.w.org\/{rel}","templated":true}]}}